{"id":37,"date":"2016-03-06T15:12:40","date_gmt":"2016-03-06T15:12:40","guid":{"rendered":"http:\/\/www.entiempo.com.uy\/?page_id=37"},"modified":"2016-04-10T15:50:36","modified_gmt":"2016-04-10T15:50:36","slug":"gestion","status":"publish","type":"page","link":"http:\/\/www.entiempo.com.uy\/index.php\/gestion\/","title":{"rendered":"Nuestros servicios"},"content":{"rendered":"<p style=\"text-align: center;\"><strong><u>\u00a0Detalle de diferentes tipos de gestiones:<\/u><\/strong><\/p>\n<ul>\n<li><strong>Tr\u00e1mites ante Organismos P\u00fablicos<\/strong><\/li>\n<\/ul>\n<p>Banco de Previsi\u00f3n Social, Direcci\u00f3n General Impositiva, Ministerios, etc<\/p>\n<p>&nbsp;<\/p>\n<ul>\n<li><strong>Tr\u00e1mites ante Organismos no gubernamentales<\/strong><\/li>\n<\/ul>\n<p>Embajadas y Consulados, Instituciones del Sistema Financiero, Organizaciones Civiles y Privadas, Asociaciones, C\u00e1maras, Institutos, etc.<\/p>\n<p>&nbsp;<\/p>\n<ul>\n<li><strong>Tr\u00e1mites Bancarios<\/strong><\/li>\n<\/ul>\n<p>Dep\u00f3sitos, Transferencias, Importaciones, Exportaciones, Descuentos, Retiro de chequeras,<\/p>\n<p>Cobranzas, otros.<\/p>\n<p>&nbsp;<\/p>\n<ul>\n<li><strong>Servicios corrientes de Cadeter\u00eda<\/strong><\/li>\n<\/ul>\n<p>Entrega y retiro de documentaci\u00f3n a clientes y\/o proveedores.<\/p>\n<p>Firma de Documentos de todo tipo: Facturas, Contratos, Aperturas de cuentas, P\u00f3lizas.<\/p>\n<p>Entrega de invitaciones, tarjetas, sobres, cartas simples y certificadas, folletos, revistas, regalos empresariales. Cobranzas.<\/p>\n<p>&nbsp;<\/p>\n<ul>\n<li><strong>Servicios Log\u00edsticos<\/strong><\/li>\n<\/ul>\n<p>Recepci\u00f3n, entrega y almacenamiento de mercader\u00eda y\/o art\u00edculos tales como productos, materias primas o cualquier otro tipo de insumo que necesite o comercialice su empresa.<\/p>\n<p><strong>\u00a0<\/strong><\/p>\n<ul>\n<li><strong>Gestiones ante diferentes Organismos con patrocinio t\u00e9cnico de Arquitecto<\/strong><\/li>\n<\/ul>\n<p>Habilitaciones Comerciales. Habilitaciones ante Direcci\u00f3n Nacional de Bomberos<\/p>\n<p>Declaraciones juradas de caracterizaci\u00f3n urbana. Regularizaci\u00f3n de construcciones ante Intendencias<\/p>\n<p>Regularizaci\u00f3n de construcciones ante BPS<\/p>\n<p>&nbsp;<\/p>\n<p style=\"text-align: center;\"><strong><u>Condiciones generales<\/u><\/strong><\/p>\n<p>&nbsp;<\/p>\n<ul>\n<li>Los precios no incluyen IVA.<\/li>\n<li>El sistema de Cuenta Corriente es mensual.<\/li>\n<li>Env\u00edo mensual del Estado de Cuenta con detalle de los tr\u00e1mites realizados.<\/li>\n<li>Las Facturas vencen el d\u00eda 10 de cada mes.<\/li>\n<li>Nuestro personal est\u00e1 debidamente uniformado e identificado.<\/li>\n<li>Por tr\u00e1mites especiales o tareas no contempladas en este documento, solicite presupuesto.<\/li>\n<li>Las gestiones se realizan en Moto, Camioneta o Cami\u00f3n.<\/li>\n<li>El transporte de Valores debe declararse previamente.<\/li>\n<li><strong>En Tiempo\u00a0<\/strong>transporta efectivo por montos m\u00e1ximos de hasta U$S 200,00 o su equivalente en moneda nacional. Como todos los tr\u00e1mites que involucren valores, los montos superiores a dicha cantidad deber\u00e1n ser declarados previamente, ya que la ejecuci\u00f3n de tales servicios estar\u00e1 supeditada a la confirmaci\u00f3n por parte de <strong>En Tiempo<\/strong><strong>, Gestiones Empresariales.<\/strong><\/li>\n<\/ul>\n","protected":false},"excerpt":{"rendered":"<p>\u00a0Detalle de diferentes tipos de gestiones: Tr\u00e1mites ante Organismos P\u00fablicos Banco de Previsi\u00f3n Social, Direcci\u00f3n General Impositiva, Ministerios, etc &nbsp; Tr\u00e1mites ante Organismos no gubernamentales Embajadas y Consulados, Instituciones del Sistema Financiero, Organizaciones Civiles y Privadas, Asociaciones, C\u00e1maras, Institutos, etc. &nbsp; Tr\u00e1mites Bancarios Dep\u00f3sitos, Transferencias, Importaciones, Exportaciones, Descuentos, Retiro de chequeras, Cobranzas, otros. &nbsp; Servicios [&hellip;]<\/p>\n","protected":false},"author":1,"featured_media":0,"parent":0,"menu_order":0,"comment_status":"closed","ping_status":"closed","template":"","meta":{"jetpack_post_was_ever_published":false,"footnotes":""},"class_list":["post-37","page","type-page","status-publish","hentry"],"yoast_head":"<!-- This site is optimized with the Yoast SEO plugin v26.3 - https:\/\/yoast.com\/wordpress\/plugins\/seo\/ -->\n<title>Nuestros servicios | En tiempo - Gesti\u00f3n Empesarial<\/title>\n<meta name=\"description\" content=\"Servicio cadeter\u00eda - Servicio de correo - Servicio Log\u00edstico. Gesti\u00f3n empresarial\" \/>\n<meta name=\"robots\" content=\"index, follow, max-snippet:-1, max-image-preview:large, max-video-preview:-1\" \/>\n<link rel=\"canonical\" href=\"http:\/\/www.entiempo.com.uy\/index.php\/gestion\/\" \/>\n<meta property=\"og:locale\" content=\"es_ES\" \/>\n<meta property=\"og:type\" content=\"article\" \/>\n<meta property=\"og:title\" content=\"Nuestros servicios | En tiempo - Gesti\u00f3n Empesarial\" \/>\n<meta property=\"og:description\" content=\"Servicio cadeter\u00eda - Servicio de correo - Servicio Log\u00edstico. Gesti\u00f3n empresarial\" \/>\n<meta property=\"og:url\" content=\"http:\/\/www.entiempo.com.uy\/index.php\/gestion\/\" \/>\n<meta property=\"og:site_name\" content=\"EN TIEMPO\" \/>\n<meta property=\"article:modified_time\" content=\"2016-04-10T15:50:36+00:00\" \/>\n<meta name=\"twitter:card\" content=\"summary_large_image\" \/>\n<meta name=\"twitter:label1\" content=\"Tiempo de lectura\" \/>\n\t<meta name=\"twitter:data1\" content=\"2 minutos\" \/>\n<script type=\"application\/ld+json\" class=\"yoast-schema-graph\">{\"@context\":\"https:\/\/schema.org\",\"@graph\":[{\"@type\":\"WebPage\",\"@id\":\"http:\/\/www.entiempo.com.uy\/index.php\/gestion\/\",\"url\":\"http:\/\/www.entiempo.com.uy\/index.php\/gestion\/\",\"name\":\"Nuestros servicios | En tiempo - Gesti\u00f3n Empesarial\",\"isPartOf\":{\"@id\":\"http:\/\/www.entiempo.com.uy\/#website\"},\"datePublished\":\"2016-03-06T15:12:40+00:00\",\"dateModified\":\"2016-04-10T15:50:36+00:00\",\"description\":\"Servicio cadeter\u00eda - Servicio de correo - Servicio Log\u00edstico. Gesti\u00f3n empresarial\",\"breadcrumb\":{\"@id\":\"http:\/\/www.entiempo.com.uy\/index.php\/gestion\/#breadcrumb\"},\"inLanguage\":\"es-AR\",\"potentialAction\":[{\"@type\":\"ReadAction\",\"target\":[\"http:\/\/www.entiempo.com.uy\/index.php\/gestion\/\"]}]},{\"@type\":\"BreadcrumbList\",\"@id\":\"http:\/\/www.entiempo.com.uy\/index.php\/gestion\/#breadcrumb\",\"itemListElement\":[{\"@type\":\"ListItem\",\"position\":1,\"name\":\"Home\",\"item\":\"http:\/\/www.entiempo.com.uy\/\"},{\"@type\":\"ListItem\",\"position\":2,\"name\":\"Nuestros servicios\"}]},{\"@type\":\"WebSite\",\"@id\":\"http:\/\/www.entiempo.com.uy\/#website\",\"url\":\"http:\/\/www.entiempo.com.uy\/\",\"name\":\"EN TIEMPO\",\"description\":\"Derechos reservados\",\"publisher\":{\"@id\":\"http:\/\/www.entiempo.com.uy\/#organization\"},\"potentialAction\":[{\"@type\":\"SearchAction\",\"target\":{\"@type\":\"EntryPoint\",\"urlTemplate\":\"http:\/\/www.entiempo.com.uy\/?s={search_term_string}\"},\"query-input\":{\"@type\":\"PropertyValueSpecification\",\"valueRequired\":true,\"valueName\":\"search_term_string\"}}],\"inLanguage\":\"es-AR\"},{\"@type\":\"Organization\",\"@id\":\"http:\/\/www.entiempo.com.uy\/#organization\",\"name\":\"En tiempo - Gesti\u00f3n empresarial\",\"url\":\"http:\/\/www.entiempo.com.uy\/\",\"logo\":{\"@type\":\"ImageObject\",\"inLanguage\":\"es-AR\",\"@id\":\"http:\/\/www.entiempo.com.uy\/#\/schema\/logo\/image\/\",\"url\":\"https:\/\/i0.wp.com\/www.entiempo.com.uy\/wp-content\/uploads\/2016\/03\/Marca-de-agua-EN-TIEMPO.jpg?fit=509%2C508\",\"contentUrl\":\"https:\/\/i0.wp.com\/www.entiempo.com.uy\/wp-content\/uploads\/2016\/03\/Marca-de-agua-EN-TIEMPO.jpg?fit=509%2C508\",\"width\":509,\"height\":508,\"caption\":\"En tiempo - Gesti\u00f3n empresarial\"},\"image\":{\"@id\":\"http:\/\/www.entiempo.com.uy\/#\/schema\/logo\/image\/\"}}]}<\/script>\n<!-- \/ Yoast SEO plugin. -->","yoast_head_json":{"title":"Nuestros servicios | En tiempo - Gesti\u00f3n Empesarial","description":"Servicio cadeter\u00eda - Servicio de correo - Servicio Log\u00edstico. Gesti\u00f3n empresarial","robots":{"index":"index","follow":"follow","max-snippet":"max-snippet:-1","max-image-preview":"max-image-preview:large","max-video-preview":"max-video-preview:-1"},"canonical":"http:\/\/www.entiempo.com.uy\/index.php\/gestion\/","og_locale":"es_ES","og_type":"article","og_title":"Nuestros servicios | En tiempo - Gesti\u00f3n Empesarial","og_description":"Servicio cadeter\u00eda - Servicio de correo - Servicio Log\u00edstico. Gesti\u00f3n empresarial","og_url":"http:\/\/www.entiempo.com.uy\/index.php\/gestion\/","og_site_name":"EN TIEMPO","article_modified_time":"2016-04-10T15:50:36+00:00","twitter_card":"summary_large_image","twitter_misc":{"Tiempo de lectura":"2 minutos"},"schema":{"@context":"https:\/\/schema.org","@graph":[{"@type":"WebPage","@id":"http:\/\/www.entiempo.com.uy\/index.php\/gestion\/","url":"http:\/\/www.entiempo.com.uy\/index.php\/gestion\/","name":"Nuestros servicios | En tiempo - Gesti\u00f3n Empesarial","isPartOf":{"@id":"http:\/\/www.entiempo.com.uy\/#website"},"datePublished":"2016-03-06T15:12:40+00:00","dateModified":"2016-04-10T15:50:36+00:00","description":"Servicio cadeter\u00eda - Servicio de correo - Servicio Log\u00edstico. Gesti\u00f3n empresarial","breadcrumb":{"@id":"http:\/\/www.entiempo.com.uy\/index.php\/gestion\/#breadcrumb"},"inLanguage":"es-AR","potentialAction":[{"@type":"ReadAction","target":["http:\/\/www.entiempo.com.uy\/index.php\/gestion\/"]}]},{"@type":"BreadcrumbList","@id":"http:\/\/www.entiempo.com.uy\/index.php\/gestion\/#breadcrumb","itemListElement":[{"@type":"ListItem","position":1,"name":"Home","item":"http:\/\/www.entiempo.com.uy\/"},{"@type":"ListItem","position":2,"name":"Nuestros servicios"}]},{"@type":"WebSite","@id":"http:\/\/www.entiempo.com.uy\/#website","url":"http:\/\/www.entiempo.com.uy\/","name":"EN TIEMPO","description":"Derechos reservados","publisher":{"@id":"http:\/\/www.entiempo.com.uy\/#organization"},"potentialAction":[{"@type":"SearchAction","target":{"@type":"EntryPoint","urlTemplate":"http:\/\/www.entiempo.com.uy\/?s={search_term_string}"},"query-input":{"@type":"PropertyValueSpecification","valueRequired":true,"valueName":"search_term_string"}}],"inLanguage":"es-AR"},{"@type":"Organization","@id":"http:\/\/www.entiempo.com.uy\/#organization","name":"En tiempo - Gesti\u00f3n empresarial","url":"http:\/\/www.entiempo.com.uy\/","logo":{"@type":"ImageObject","inLanguage":"es-AR","@id":"http:\/\/www.entiempo.com.uy\/#\/schema\/logo\/image\/","url":"https:\/\/i0.wp.com\/www.entiempo.com.uy\/wp-content\/uploads\/2016\/03\/Marca-de-agua-EN-TIEMPO.jpg?fit=509%2C508","contentUrl":"https:\/\/i0.wp.com\/www.entiempo.com.uy\/wp-content\/uploads\/2016\/03\/Marca-de-agua-EN-TIEMPO.jpg?fit=509%2C508","width":509,"height":508,"caption":"En tiempo - Gesti\u00f3n empresarial"},"image":{"@id":"http:\/\/www.entiempo.com.uy\/#\/schema\/logo\/image\/"}}]}},"jetpack_sharing_enabled":true,"jetpack_shortlink":"https:\/\/wp.me\/P7qHGR-B","jetpack-related-posts":[],"_links":{"self":[{"href":"http:\/\/www.entiempo.com.uy\/index.php\/wp-json\/wp\/v2\/pages\/37","targetHints":{"allow":["GET"]}}],"collection":[{"href":"http:\/\/www.entiempo.com.uy\/index.php\/wp-json\/wp\/v2\/pages"}],"about":[{"href":"http:\/\/www.entiempo.com.uy\/index.php\/wp-json\/wp\/v2\/types\/page"}],"author":[{"embeddable":true,"href":"http:\/\/www.entiempo.com.uy\/index.php\/wp-json\/wp\/v2\/users\/1"}],"replies":[{"embeddable":true,"href":"http:\/\/www.entiempo.com.uy\/index.php\/wp-json\/wp\/v2\/comments?post=37"}],"version-history":[{"count":2,"href":"http:\/\/www.entiempo.com.uy\/index.php\/wp-json\/wp\/v2\/pages\/37\/revisions"}],"predecessor-version":[{"id":55,"href":"http:\/\/www.entiempo.com.uy\/index.php\/wp-json\/wp\/v2\/pages\/37\/revisions\/55"}],"wp:attachment":[{"href":"http:\/\/www.entiempo.com.uy\/index.php\/wp-json\/wp\/v2\/media?parent=37"}],"curies":[{"name":"wp","href":"https:\/\/api.w.org\/{rel}","templated":true}]}}