{"id":11,"date":"2016-03-06T01:02:04","date_gmt":"2016-03-06T01:02:04","guid":{"rendered":"http:\/\/www.entiempo.com.uy\/?page_id=11"},"modified":"2016-04-10T15:48:58","modified_gmt":"2016-04-10T15:48:58","slug":"quienes-somos","status":"publish","type":"page","link":"http:\/\/www.entiempo.com.uy\/index.php\/quienes-somos\/","title":{"rendered":"Quienes somos"},"content":{"rendered":"<p><img data-recalc-dims=\"1\" loading=\"lazy\" decoding=\"async\" data-attachment-id=\"12\" data-permalink=\"http:\/\/www.entiempo.com.uy\/index.php\/quienes-somos\/marca-de-agua-en-tiempo\/\" data-orig-file=\"https:\/\/i0.wp.com\/www.entiempo.com.uy\/wp-content\/uploads\/2016\/03\/Marca-de-agua-EN-TIEMPO.jpg?fit=509%2C508\" data-orig-size=\"509,508\" data-comments-opened=\"1\" data-image-meta=\"{&quot;aperture&quot;:&quot;0&quot;,&quot;credit&quot;:&quot;&quot;,&quot;camera&quot;:&quot;&quot;,&quot;caption&quot;:&quot;&quot;,&quot;created_timestamp&quot;:&quot;0&quot;,&quot;copyright&quot;:&quot;&quot;,&quot;focal_length&quot;:&quot;0&quot;,&quot;iso&quot;:&quot;0&quot;,&quot;shutter_speed&quot;:&quot;0&quot;,&quot;title&quot;:&quot;&quot;,&quot;orientation&quot;:&quot;0&quot;}\" data-image-title=\"Marca de agua EN TIEMPO\" data-image-description=\"\" data-image-caption=\"\" data-medium-file=\"https:\/\/i0.wp.com\/www.entiempo.com.uy\/wp-content\/uploads\/2016\/03\/Marca-de-agua-EN-TIEMPO.jpg?fit=300%2C300\" data-large-file=\"https:\/\/i0.wp.com\/www.entiempo.com.uy\/wp-content\/uploads\/2016\/03\/Marca-de-agua-EN-TIEMPO.jpg?fit=509%2C508\" class=\"size-thumbnail wp-image-12 aligncenter\" src=\"https:\/\/i0.wp.com\/www.entiempo.com.uy\/wp-content\/uploads\/2016\/03\/Marca-de-agua-EN-TIEMPO.jpg?resize=150%2C150\" alt=\"Marca de agua EN TIEMPO\" width=\"150\" height=\"150\" srcset=\"https:\/\/i0.wp.com\/www.entiempo.com.uy\/wp-content\/uploads\/2016\/03\/Marca-de-agua-EN-TIEMPO.jpg?resize=150%2C150 150w, https:\/\/i0.wp.com\/www.entiempo.com.uy\/wp-content\/uploads\/2016\/03\/Marca-de-agua-EN-TIEMPO.jpg?resize=300%2C300 300w, https:\/\/i0.wp.com\/www.entiempo.com.uy\/wp-content\/uploads\/2016\/03\/Marca-de-agua-EN-TIEMPO.jpg?resize=250%2C250 250w, https:\/\/i0.wp.com\/www.entiempo.com.uy\/wp-content\/uploads\/2016\/03\/Marca-de-agua-EN-TIEMPO.jpg?resize=48%2C48 48w, https:\/\/i0.wp.com\/www.entiempo.com.uy\/wp-content\/uploads\/2016\/03\/Marca-de-agua-EN-TIEMPO.jpg?w=509 509w\" sizes=\"auto, (max-width: 150px) 100vw, 150px\" \/><\/p>\n<p>Somos una empresa joven de servicios de cadeter\u00eda, gestiones empresariales y log\u00edstica.<\/p>\n<p>Estamos abocados simplemente en ser la mejor soluci\u00f3n para su empresa a trav\u00e9s de un espectro de servicios de alta calidad con un cometido claro: organizar, reducir y mejorar sus costos operativos externos, dando nuestro mayor esfuerzo para que sus tr\u00e1mites sean efectuados en tiempo y forma, sin excusas ni argumentos, logrando algo que en estos tiempos es dif\u00edcil de encontrar, AUSENTISMO CERO.<\/p>\n<p><strong>\u00a0<\/strong><strong>EN TIEMPO, <\/strong><strong>Gestiones Empresariales<\/strong>, cuenta con un monitoreo en tiempo real, lo que nos permite anticiparnos a las posibles dificultades que puedan presentarse en la gesti\u00f3n.<\/p>\n<p>Muchas empresas, hoy en d\u00eda, prefieren contar con un servicio de cadeter\u00eda externo por los beneficios que esto significa tales como: tener siempre, uno o m\u00e1s cadetes a disposici\u00f3n, poder estar en diferentes zonas simult\u00e1neamente, no generar cargas sociales.<\/p>\n<p>Nuestra experiencia en el \u00e1rea de gesti\u00f3n corporativa externa, nos ubica en una posici\u00f3n privilegiada para poder ofrecerle calidad, servicio, cumplimiento, responsabilidad a precios competitivos y razonables adecuados especialmente a lo que usted necesita.<\/p>\n<p style=\"text-align: right;\"><strong>&#8230; Siempre llegamos EN TIEMPO<\/strong><\/p>\n<p style=\"text-align: left;\">Nuestros clientes:<\/p>\n<p style=\"text-align: left;\">\r\n        \r\n            <div class=\"wls-wrap\">\r\n      <span class=\"arrow-img\" style=\"display:none\">arrows<\/span>\r\n                  <div id=\"34-69f4acdc6b57a\" class=\"\"  >\r\n        \r\n\r\n                  \r\n          <div class=\"panel\" > \r\n            <a href=\"http:\/\/aaaa\" target=\"_blank\"  title=\"aaa\" >         \r\n            <img decoding=\"async\"  src=\"https:\/\/i0.wp.com\/www.entiempo.com.uy\/wp-content\/uploads\/2016\/04\/DRACMA.jpg?resize=125%2C124\" alt=\"aaa\" title=\"aaa\" \/>\r\n            <\/a>                        <div class=\"ws-caption\">\r\n              <h4>aaa<\/h4>\r\n            <\/div>\r\n                      <\/div>\r\n\r\n                             \r\n          <div class=\"panel\" > \r\n            <a href=\"http:\/\/aaa\" target=\"_blank\"  title=\"aaa\" >         \r\n            <img decoding=\"async\"  src=\"https:\/\/i0.wp.com\/www.entiempo.com.uy\/wp-content\/uploads\/2016\/04\/CHRISTOFER.jpg?resize=125%2C124\" alt=\"aaa\" title=\"aaa\" \/>\r\n            <\/a>                        <div class=\"ws-caption\">\r\n              <h4>aaa<\/h4>\r\n            <\/div>\r\n                      <\/div>\r\n\r\n                             \r\n          <div class=\"panel\" > \r\n            <a href=\"http:\/\/aaa\" target=\"_blank\"  title=\"aaa\" >         \r\n            <img decoding=\"async\"  src=\"https:\/\/i0.wp.com\/www.entiempo.com.uy\/wp-content\/uploads\/2016\/04\/COCA-COLA.jpg?resize=125%2C124\" alt=\"aaa\" title=\"aaa\" \/>\r\n            <\/a>                        <div class=\"ws-caption\">\r\n              <h4>aaa<\/h4>\r\n            <\/div>\r\n                      <\/div>\r\n\r\n                             \r\n          <div class=\"panel\" > \r\n            <a href=\"http:\/\/aaa\" target=\"_blank\"  title=\"aaa\" >         \r\n            <img decoding=\"async\"  src=\"https:\/\/i0.wp.com\/www.entiempo.com.uy\/wp-content\/uploads\/2016\/04\/DATALAB.jpg?resize=125%2C124\" alt=\"aaa\" title=\"aaa\" \/>\r\n            <\/a>                        <div class=\"ws-caption\">\r\n              <h4>aaa<\/h4>\r\n            <\/div>\r\n                      <\/div>\r\n\r\n                             \r\n          <div class=\"panel\" > \r\n            <a href=\"http:\/\/aaaa\" target=\"_blank\"  title=\"aaa\" >         \r\n            <img decoding=\"async\"  src=\"https:\/\/i0.wp.com\/www.entiempo.com.uy\/wp-content\/uploads\/2016\/04\/GRUPO-WISA.jpg?resize=125%2C124\" alt=\"aaa\" title=\"aaa\" \/>\r\n            <\/a>                        <div class=\"ws-caption\">\r\n              <h4>aaa<\/h4>\r\n            <\/div>\r\n                      <\/div>\r\n\r\n                             \r\n          <div class=\"panel\" > \r\n            <a href=\"http:\/\/aaa\" target=\"_blank\"  title=\"aaa\" >         \r\n            <img decoding=\"async\"  src=\"https:\/\/i0.wp.com\/www.entiempo.com.uy\/wp-content\/uploads\/2016\/04\/HORMETAL.jpg?resize=125%2C124\" alt=\"aaa\" title=\"aaa\" \/>\r\n            <\/a>                        <div class=\"ws-caption\">\r\n              <h4>aaa<\/h4>\r\n            <\/div>\r\n                      <\/div>\r\n\r\n                             \r\n          <div class=\"panel\" > \r\n            <a href=\"http:\/\/aaa\" target=\"_blank\"  title=\"aaa\" >         \r\n            <img decoding=\"async\"  src=\"https:\/\/i0.wp.com\/www.entiempo.com.uy\/wp-content\/uploads\/2016\/04\/TILSIT.jpg?resize=125%2C124\" alt=\"aaa\" title=\"aaa\" \/>\r\n            <\/a>                        <div class=\"ws-caption\">\r\n              <h4>aaa<\/h4>\r\n            <\/div>\r\n                      <\/div>\r\n\r\n                             \r\n          <div class=\"panel\" > \r\n            <a href=\"http:\/\/aaa\" target=\"_blank\"  title=\"aaa\" >         \r\n            <img decoding=\"async\"  src=\"https:\/\/i0.wp.com\/www.entiempo.com.uy\/wp-content\/uploads\/2016\/04\/KEMIRA.jpg?resize=125%2C124\" alt=\"aaa\" title=\"aaa\" \/>\r\n            <\/a>                        <div class=\"ws-caption\">\r\n              <h4>aaa<\/h4>\r\n            <\/div>\r\n                      <\/div>\r\n\r\n                             \r\n          <div class=\"panel\" > \r\n            <a href=\"http:\/\/aaa\" target=\"_blank\"  title=\"aaa\" >         \r\n            <img decoding=\"async\"  src=\"https:\/\/i0.wp.com\/www.entiempo.com.uy\/wp-content\/uploads\/2016\/04\/LATU.jpg?resize=125%2C124\" alt=\"aaa\" title=\"aaa\" \/>\r\n            <\/a>                        <div class=\"ws-caption\">\r\n              <h4>aaa<\/h4>\r\n            <\/div>\r\n                      <\/div>\r\n\r\n                             \r\n          <div class=\"panel\" > \r\n            <a href=\"http:\/\/aaa\" target=\"_blank\"  title=\"aaa\" >         \r\n            <img decoding=\"async\"  src=\"https:\/\/i0.wp.com\/www.entiempo.com.uy\/wp-content\/uploads\/2016\/04\/NETLAB.jpg?resize=125%2C124\" alt=\"aaa\" title=\"aaa\" \/>\r\n            <\/a>                        <div class=\"ws-caption\">\r\n              <h4>aaa<\/h4>\r\n            <\/div>\r\n                      <\/div>\r\n\r\n                             \r\n          <div class=\"panel\" > \r\n            <a href=\"http:\/\/aaa\" target=\"_blank\"  title=\"aaa\" >         \r\n            <img decoding=\"async\"  src=\"https:\/\/i0.wp.com\/www.entiempo.com.uy\/wp-content\/uploads\/2016\/04\/sluckis-hnos-sa-126118_logo.png?resize=125%2C124\" alt=\"aaa\" title=\"aaa\" \/>\r\n            <\/a>                        <div class=\"ws-caption\">\r\n              <h4>aaa<\/h4>\r\n            <\/div>\r\n                      <\/div>\r\n\r\n                             \r\n          <div class=\"panel\" > \r\n            <a href=\"http:\/\/aaa\" target=\"_blank\"  title=\"aaa\" >         \r\n            <img decoding=\"async\"  src=\"https:\/\/i0.wp.com\/www.entiempo.com.uy\/wp-content\/uploads\/2016\/04\/TATA.jpg?resize=125%2C124\" alt=\"aaa\" title=\"aaa\" \/>\r\n            <\/a>                        <div class=\"ws-caption\">\r\n              <h4>aaa<\/h4>\r\n            <\/div>\r\n                      <\/div>\r\n\r\n                             \r\n          <div class=\"panel\" > \r\n            <a href=\"http:\/\/aaa\" target=\"_blank\"  title=\"aaa\" >         \r\n            <img decoding=\"async\"  src=\"https:\/\/i0.wp.com\/www.entiempo.com.uy\/wp-content\/uploads\/2016\/04\/URUGUAY-MARINE.jpg?resize=125%2C124\" alt=\"aaa\" title=\"aaa\" \/>\r\n            <\/a>                        <div class=\"ws-caption\">\r\n              <h4>aaa<\/h4>\r\n            <\/div>\r\n                      <\/div>\r\n\r\n                          <\/div> <!-- Slides end -->\r\n\r\n       \r\n       <\/div>\r\n           <style type=\"text\/css\">\r\n            .wls-wrap{padding: 0 15px}\r\n     \r\n\r\n    <\/style>    \r\n    <script type=\"text\/javascript\">\r\n      jQuery( document ).ready(function($) {\r\n        document.addEventListener(\"touchstart\", function(){}, true);\r\n        jQuery.fn.randomize = function (selector) {\r\n          var $elems = selector ? $(this).find(selector) : $(this).children(),\r\n              $parents = $elems.parent();\r\n\r\n          $parents.each(function () {\r\n              $(this).children(selector).sort(function (childA, childB) {\r\n                  \/\/ * Prevent last slide from being reordered\r\n                  if($(childB).index() !== $(this).children(selector).length - 1) {\r\n                      return Math.round(Math.random()) - 0.5;\r\n                  }\r\n              }.bind(this)).detach().appendTo(this);\r\n          });\r\n\r\n          return this;\r\n        };\r\n\r\n        var randomId = \"34-69f4acdc6b57a\";\r\n        $(\"#\"+randomId).on('init', function(event, slick) {\r\n            $('.wls-wrap').show();\r\n        });\r\n        var logoSlider = $(\"#\"+randomId);\r\n           \r\n          logoSlider =  $(\"#\"+randomId).randomize();   \r\n        \r\n        var slides = (logoSlider[0].innerHTML);\r\n        \/\/slides = slides.replace(\/\\s\/g,\"\");\r\n        slides = slides.replace(\/(\\r\\n|\\n|\\r)\/gm,\"\");\r\n        var lazy_load = \"0\";\r\n        logoSlider.slick({ \r\n        slidesToShow: 3,\r\n        slidesToScroll: 1,\r\n        \r\n        infinite: false,\r\n        pauseOnHover: false,\r\n        variableWidth: false,\r\n        autoplaySpeed: 5000,\r\n        speed: 1000,\r\n\r\n                \r\n        rtl: false,\r\n\r\n                                          arrows: true,\r\n                          \r\n        asNavFor: null,\r\n                  \r\n        autoplay: true,\r\n        draggable: false,\r\n        centerMode: false,\r\n        centerPadding: '0px',\r\n        useCSS: true,\r\n        swipeToSlide: true,\r\n        dots:  false,\r\n                        });\r\n        \r\n                      });\r\n    <\/script>\r\n\r\n  <\/p>\n","protected":false},"excerpt":{"rendered":"<p>Somos una empresa joven de servicios de cadeter\u00eda, gestiones empresariales y log\u00edstica. Estamos abocados simplemente en ser la mejor soluci\u00f3n para su empresa a trav\u00e9s de un espectro de servicios de alta calidad con un cometido claro: organizar, reducir y mejorar sus costos operativos externos, dando nuestro mayor esfuerzo para que sus tr\u00e1mites sean efectuados [&hellip;]<\/p>\n","protected":false},"author":1,"featured_media":0,"parent":0,"menu_order":0,"comment_status":"closed","ping_status":"closed","template":"","meta":{"jetpack_post_was_ever_published":false,"footnotes":""},"class_list":["post-11","page","type-page","status-publish","hentry"],"yoast_head":"<!-- This site is optimized with the Yoast SEO plugin v26.3 - https:\/\/yoast.com\/wordpress\/plugins\/seo\/ -->\n<title>Quienes somos | En tiempo - Gesti\u00f3n Empesarial<\/title>\n<meta name=\"description\" content=\"Servicio cadeter\u00eda - Servicio de correo - Servicio Log\u00edstico. Gesti\u00f3n empresarial\" \/>\n<meta name=\"robots\" content=\"index, follow, max-snippet:-1, max-image-preview:large, max-video-preview:-1\" \/>\n<link rel=\"canonical\" href=\"http:\/\/www.entiempo.com.uy\/index.php\/quienes-somos\/\" \/>\n<meta property=\"og:locale\" content=\"es_ES\" \/>\n<meta property=\"og:type\" content=\"article\" \/>\n<meta property=\"og:title\" content=\"Quienes somos | En tiempo - Gesti\u00f3n Empesarial\" \/>\n<meta property=\"og:description\" content=\"Servicio cadeter\u00eda - Servicio de correo - Servicio Log\u00edstico. Gesti\u00f3n empresarial\" \/>\n<meta property=\"og:url\" content=\"http:\/\/www.entiempo.com.uy\/index.php\/quienes-somos\/\" \/>\n<meta property=\"og:site_name\" content=\"EN TIEMPO\" \/>\n<meta property=\"article:modified_time\" content=\"2016-04-10T15:48:58+00:00\" \/>\n<meta property=\"og:image\" content=\"http:\/\/www.entiempo.com.uy\/wp-content\/uploads\/2016\/03\/Marca-de-agua-EN-TIEMPO-150x150.jpg\" \/>\n<meta name=\"twitter:card\" content=\"summary_large_image\" \/>\n<meta name=\"twitter:label1\" content=\"Tiempo de lectura\" \/>\n\t<meta name=\"twitter:data1\" content=\"1 minuto\" \/>\n<script type=\"application\/ld+json\" class=\"yoast-schema-graph\">{\"@context\":\"https:\/\/schema.org\",\"@graph\":[{\"@type\":\"WebPage\",\"@id\":\"http:\/\/www.entiempo.com.uy\/index.php\/quienes-somos\/\",\"url\":\"http:\/\/www.entiempo.com.uy\/index.php\/quienes-somos\/\",\"name\":\"Quienes somos | En tiempo - Gesti\u00f3n Empesarial\",\"isPartOf\":{\"@id\":\"http:\/\/www.entiempo.com.uy\/#website\"},\"primaryImageOfPage\":{\"@id\":\"http:\/\/www.entiempo.com.uy\/index.php\/quienes-somos\/#primaryimage\"},\"image\":{\"@id\":\"http:\/\/www.entiempo.com.uy\/index.php\/quienes-somos\/#primaryimage\"},\"thumbnailUrl\":\"http:\/\/www.entiempo.com.uy\/wp-content\/uploads\/2016\/03\/Marca-de-agua-EN-TIEMPO-150x150.jpg\",\"datePublished\":\"2016-03-06T01:02:04+00:00\",\"dateModified\":\"2016-04-10T15:48:58+00:00\",\"description\":\"Servicio cadeter\u00eda - Servicio de correo - Servicio Log\u00edstico. Gesti\u00f3n empresarial\",\"breadcrumb\":{\"@id\":\"http:\/\/www.entiempo.com.uy\/index.php\/quienes-somos\/#breadcrumb\"},\"inLanguage\":\"es-AR\",\"potentialAction\":[{\"@type\":\"ReadAction\",\"target\":[\"http:\/\/www.entiempo.com.uy\/index.php\/quienes-somos\/\"]}]},{\"@type\":\"ImageObject\",\"inLanguage\":\"es-AR\",\"@id\":\"http:\/\/www.entiempo.com.uy\/index.php\/quienes-somos\/#primaryimage\",\"url\":\"https:\/\/i0.wp.com\/www.entiempo.com.uy\/wp-content\/uploads\/2016\/03\/Marca-de-agua-EN-TIEMPO.jpg?fit=509%2C508\",\"contentUrl\":\"https:\/\/i0.wp.com\/www.entiempo.com.uy\/wp-content\/uploads\/2016\/03\/Marca-de-agua-EN-TIEMPO.jpg?fit=509%2C508\",\"width\":509,\"height\":508},{\"@type\":\"BreadcrumbList\",\"@id\":\"http:\/\/www.entiempo.com.uy\/index.php\/quienes-somos\/#breadcrumb\",\"itemListElement\":[{\"@type\":\"ListItem\",\"position\":1,\"name\":\"Home\",\"item\":\"http:\/\/www.entiempo.com.uy\/\"},{\"@type\":\"ListItem\",\"position\":2,\"name\":\"Quienes somos\"}]},{\"@type\":\"WebSite\",\"@id\":\"http:\/\/www.entiempo.com.uy\/#website\",\"url\":\"http:\/\/www.entiempo.com.uy\/\",\"name\":\"EN TIEMPO\",\"description\":\"Derechos reservados\",\"publisher\":{\"@id\":\"http:\/\/www.entiempo.com.uy\/#organization\"},\"potentialAction\":[{\"@type\":\"SearchAction\",\"target\":{\"@type\":\"EntryPoint\",\"urlTemplate\":\"http:\/\/www.entiempo.com.uy\/?s={search_term_string}\"},\"query-input\":{\"@type\":\"PropertyValueSpecification\",\"valueRequired\":true,\"valueName\":\"search_term_string\"}}],\"inLanguage\":\"es-AR\"},{\"@type\":\"Organization\",\"@id\":\"http:\/\/www.entiempo.com.uy\/#organization\",\"name\":\"En tiempo - Gesti\u00f3n empresarial\",\"url\":\"http:\/\/www.entiempo.com.uy\/\",\"logo\":{\"@type\":\"ImageObject\",\"inLanguage\":\"es-AR\",\"@id\":\"http:\/\/www.entiempo.com.uy\/#\/schema\/logo\/image\/\",\"url\":\"https:\/\/i0.wp.com\/www.entiempo.com.uy\/wp-content\/uploads\/2016\/03\/Marca-de-agua-EN-TIEMPO.jpg?fit=509%2C508\",\"contentUrl\":\"https:\/\/i0.wp.com\/www.entiempo.com.uy\/wp-content\/uploads\/2016\/03\/Marca-de-agua-EN-TIEMPO.jpg?fit=509%2C508\",\"width\":509,\"height\":508,\"caption\":\"En tiempo - Gesti\u00f3n empresarial\"},\"image\":{\"@id\":\"http:\/\/www.entiempo.com.uy\/#\/schema\/logo\/image\/\"}}]}<\/script>\n<!-- \/ Yoast SEO plugin. -->","yoast_head_json":{"title":"Quienes somos | En tiempo - Gesti\u00f3n Empesarial","description":"Servicio cadeter\u00eda - Servicio de correo - Servicio Log\u00edstico. Gesti\u00f3n empresarial","robots":{"index":"index","follow":"follow","max-snippet":"max-snippet:-1","max-image-preview":"max-image-preview:large","max-video-preview":"max-video-preview:-1"},"canonical":"http:\/\/www.entiempo.com.uy\/index.php\/quienes-somos\/","og_locale":"es_ES","og_type":"article","og_title":"Quienes somos | En tiempo - Gesti\u00f3n Empesarial","og_description":"Servicio cadeter\u00eda - Servicio de correo - Servicio Log\u00edstico. Gesti\u00f3n empresarial","og_url":"http:\/\/www.entiempo.com.uy\/index.php\/quienes-somos\/","og_site_name":"EN TIEMPO","article_modified_time":"2016-04-10T15:48:58+00:00","og_image":[{"url":"http:\/\/www.entiempo.com.uy\/wp-content\/uploads\/2016\/03\/Marca-de-agua-EN-TIEMPO-150x150.jpg","type":"","width":"","height":""}],"twitter_card":"summary_large_image","twitter_misc":{"Tiempo de lectura":"1 minuto"},"schema":{"@context":"https:\/\/schema.org","@graph":[{"@type":"WebPage","@id":"http:\/\/www.entiempo.com.uy\/index.php\/quienes-somos\/","url":"http:\/\/www.entiempo.com.uy\/index.php\/quienes-somos\/","name":"Quienes somos | En tiempo - Gesti\u00f3n Empesarial","isPartOf":{"@id":"http:\/\/www.entiempo.com.uy\/#website"},"primaryImageOfPage":{"@id":"http:\/\/www.entiempo.com.uy\/index.php\/quienes-somos\/#primaryimage"},"image":{"@id":"http:\/\/www.entiempo.com.uy\/index.php\/quienes-somos\/#primaryimage"},"thumbnailUrl":"http:\/\/www.entiempo.com.uy\/wp-content\/uploads\/2016\/03\/Marca-de-agua-EN-TIEMPO-150x150.jpg","datePublished":"2016-03-06T01:02:04+00:00","dateModified":"2016-04-10T15:48:58+00:00","description":"Servicio cadeter\u00eda - Servicio de correo - Servicio Log\u00edstico. Gesti\u00f3n empresarial","breadcrumb":{"@id":"http:\/\/www.entiempo.com.uy\/index.php\/quienes-somos\/#breadcrumb"},"inLanguage":"es-AR","potentialAction":[{"@type":"ReadAction","target":["http:\/\/www.entiempo.com.uy\/index.php\/quienes-somos\/"]}]},{"@type":"ImageObject","inLanguage":"es-AR","@id":"http:\/\/www.entiempo.com.uy\/index.php\/quienes-somos\/#primaryimage","url":"https:\/\/i0.wp.com\/www.entiempo.com.uy\/wp-content\/uploads\/2016\/03\/Marca-de-agua-EN-TIEMPO.jpg?fit=509%2C508","contentUrl":"https:\/\/i0.wp.com\/www.entiempo.com.uy\/wp-content\/uploads\/2016\/03\/Marca-de-agua-EN-TIEMPO.jpg?fit=509%2C508","width":509,"height":508},{"@type":"BreadcrumbList","@id":"http:\/\/www.entiempo.com.uy\/index.php\/quienes-somos\/#breadcrumb","itemListElement":[{"@type":"ListItem","position":1,"name":"Home","item":"http:\/\/www.entiempo.com.uy\/"},{"@type":"ListItem","position":2,"name":"Quienes somos"}]},{"@type":"WebSite","@id":"http:\/\/www.entiempo.com.uy\/#website","url":"http:\/\/www.entiempo.com.uy\/","name":"EN TIEMPO","description":"Derechos reservados","publisher":{"@id":"http:\/\/www.entiempo.com.uy\/#organization"},"potentialAction":[{"@type":"SearchAction","target":{"@type":"EntryPoint","urlTemplate":"http:\/\/www.entiempo.com.uy\/?s={search_term_string}"},"query-input":{"@type":"PropertyValueSpecification","valueRequired":true,"valueName":"search_term_string"}}],"inLanguage":"es-AR"},{"@type":"Organization","@id":"http:\/\/www.entiempo.com.uy\/#organization","name":"En tiempo - Gesti\u00f3n empresarial","url":"http:\/\/www.entiempo.com.uy\/","logo":{"@type":"ImageObject","inLanguage":"es-AR","@id":"http:\/\/www.entiempo.com.uy\/#\/schema\/logo\/image\/","url":"https:\/\/i0.wp.com\/www.entiempo.com.uy\/wp-content\/uploads\/2016\/03\/Marca-de-agua-EN-TIEMPO.jpg?fit=509%2C508","contentUrl":"https:\/\/i0.wp.com\/www.entiempo.com.uy\/wp-content\/uploads\/2016\/03\/Marca-de-agua-EN-TIEMPO.jpg?fit=509%2C508","width":509,"height":508,"caption":"En tiempo - Gesti\u00f3n empresarial"},"image":{"@id":"http:\/\/www.entiempo.com.uy\/#\/schema\/logo\/image\/"}}]}},"jetpack_sharing_enabled":true,"jetpack_shortlink":"https:\/\/wp.me\/P7qHGR-b","jetpack-related-posts":[],"_links":{"self":[{"href":"http:\/\/www.entiempo.com.uy\/index.php\/wp-json\/wp\/v2\/pages\/11","targetHints":{"allow":["GET"]}}],"collection":[{"href":"http:\/\/www.entiempo.com.uy\/index.php\/wp-json\/wp\/v2\/pages"}],"about":[{"href":"http:\/\/www.entiempo.com.uy\/index.php\/wp-json\/wp\/v2\/types\/page"}],"author":[{"embeddable":true,"href":"http:\/\/www.entiempo.com.uy\/index.php\/wp-json\/wp\/v2\/users\/1"}],"replies":[{"embeddable":true,"href":"http:\/\/www.entiempo.com.uy\/index.php\/wp-json\/wp\/v2\/comments?post=11"}],"version-history":[{"count":3,"href":"http:\/\/www.entiempo.com.uy\/index.php\/wp-json\/wp\/v2\/pages\/11\/revisions"}],"predecessor-version":[{"id":54,"href":"http:\/\/www.entiempo.com.uy\/index.php\/wp-json\/wp\/v2\/pages\/11\/revisions\/54"}],"wp:attachment":[{"href":"http:\/\/www.entiempo.com.uy\/index.php\/wp-json\/wp\/v2\/media?parent=11"}],"curies":[{"name":"wp","href":"https:\/\/api.w.org\/{rel}","templated":true}]}}